{"id":105,"date":"2017-01-03T16:30:07","date_gmt":"2017-01-03T16:30:07","guid":{"rendered":"http:\/\/prague.foxthemes.me.1.2.0\/?page_id=105"},"modified":"2024-08-01T11:28:10","modified_gmt":"2024-08-01T11:28:10","slug":"about-me-2","status":"publish","type":"page","link":"https:\/\/b-tulla.de\/?page_id=105","title":{"rendered":"About Me"},"content":{"rendered":"<div class=\"wpb-content-wrapper\"><p>[vc_row full_width=&#8221;stretch_row_content_no_spaces&#8221;][vc_column][vc_banner_title color_style=&#8221;light&#8221; subtitle=&#8221;\u00dcBER UNS&#8221; title=&#8221;Unser Fokus liegt auf kreativer Arbeit&#8221; img=&#8221;5251&#8243; enable_overlay=&#8221;true&#8221; enable_fullheight=&#8221;true&#8221; columns=&#8221;%5B%7B%7D%5D&#8221;][\/vc_banner_title][\/vc_column][\/vc_row][vc_row desctop_mt=&#8221;margin-lg-40t&#8221; tablets_mt=&#8221;margin-sm-70t&#8221;][vc_column tablets_mt=&#8221;margin-sm-20t&#8221; offset=&#8221;vc_col-lg-offset-1 vc_col-lg-7 vc_col-md-offset-0 vc_col-md-7 vc_col-sm-offset-0 vc_col-xs-12&#8243;][vc_headings title=&#8221;Alles aus einer Hand&#8221; subtitle=&#8221;\u00dcBER UNS&#8221; enable_divider=&#8221;true&#8221; content_divider=&#8221;true&#8221;]Als Generalunternehmung, planen, entwickeln, projektieren und erstellen wir Bauwerke bis zur Schl\u00fcsselabnahme. Dazu bieten wir Ihnen auch eine umfassende Umbau- und Sanierungsarbeiten.<br \/>\nDie B.Tulla verf\u00fcgt \u00fcber ein einzigartiges Netzwerk und bietet von der ersten Planung bis zur fertigen Schl\u00fcssel\u00fcbergabe beste Qualit\u00e4t zu einem fairen Preis-Leistungs-Verh\u00e4ltnis.<br \/>\nDes Weiteren arbeiten wir als Partner mit verschiedenen Baufirmen und k\u00f6nnen so f\u00fcr perfekte Qualit\u00e4tsarbeit garantieren.<br \/>\nMit unseren Dienstleistungen l\u00f6sen wir vielf\u00e4ltige Investitionsaufgaben, wobei wir den langfristigen Erfolg unserer Auftraggeber anstreben.<br \/>\nDas Verst\u00e4ndnis f\u00fcr die Anforderungen unserer Kunden ist der Ausgangspunkt all unserer Bem\u00fchungen f\u00fcr eine passende individuelle L\u00f6sung.<br \/>\nUnsere Leistungen sind von hoher Qualit\u00e4t, die sich an den Bed\u00fcrfnissen der Kunden orientiert.<\/p>\n<p>M\u00f6chten Sie Ihre Wohnungen im Mehrfamilienhaus sanieren?<\/p>\n<p>Wir erf\u00fcllen Ihnen jeden Wunsch!<\/p>\n<p>Wir beraten Sie gerne und zeigen Ihnen ausgef\u00fchrte Arbeiten detailliert[\/vc_headings][\/vc_column][\/vc_row][vc_row full_width=&#8221;stretch_row_content_no_spaces&#8221; desctop_mt=&#8221;margin-lg-75t&#8221; tablets_mt=&#8221;margin-sm-20t&#8221;][vc_column][vc_wrapper title=&#8221;Das ist was wir machen.&#8221; subtitle=&#8221;Generalunternehmung&#8221; image=&#8221;5242&#8243; color_style=&#8221;light&#8221; enable_divider=&#8221;true&#8221;][\/vc_wrapper][\/vc_column][\/vc_row][vc_row desctop_mt=&#8221;margin-lg-15t&#8221; tablets_mt=&#8221;margin-sm-20t&#8221;][vc_column][\/vc_column][\/vc_row][vc_row][vc_column offset=&#8221;vc_col-md-6&#8243;][\/vc_column][vc_column offset=&#8221;vc_col-md-6&#8243;][\/vc_column][\/vc_row][vc_row][vc_column width=&#8221;1\/3&#8243;][vc_separator align=&#8221;align_left&#8221; el_width=&#8221;30&#8243; css=&#8221;&#8221;][vc_empty_space][vc_column_text css=&#8221;&#8221;]Mob: 0157 310 659 21<br \/>\nTel: 0202 519 95 52<br \/>\nTel: 0178 292\u00a0 36 49<br \/>\nFax: 0202 519 95 53[\/vc_column_text][\/vc_column][vc_column width=&#8221;1\/3&#8243;][vc_separator align=&#8221;align_left&#8221; el_width=&#8221;30&#8243; css=&#8221;&#8221;][vc_empty_space][vc_column_text css=&#8221;&#8221;]Email:<br \/>\nbashkim.tulla@t-online.de[\/vc_column_text][\/vc_column][vc_column width=&#8221;1\/3&#8243;][vc_separator align=&#8221;align_left&#8221; el_width=&#8221;30&#8243; css=&#8221;&#8221;][vc_empty_space][vc_column_text css=&#8221;&#8221;]Unsere Adresse:<br \/>\nWittensteinstr.253 42283 Wuppertal[\/vc_column_text][\/vc_column][\/vc_row][vc_row][vc_column][vc_empty_space][\/vc_column][\/vc_row]<\/p>\n<\/div>","protected":false},"excerpt":{"rendered":"<p>[vc_row full_width=&#8221;stretch_row_content_no_spaces&#8221;][vc_column][vc_banner_title color_style=&#8221;light&#8221; subtitle=&#8221;\u00dcBER UNS&#8221; title=&#8221;Unser Fokus liegt auf kreativer Arbeit&#8221; img=&#8221;5251&#8243; enable_overlay=&#8221;true&#8221; enable_fullheight=&#8221;true&#8221; columns=&#8221;%5B%7B%7D%5D&#8221;][\/vc_banner_title][\/vc_column][\/vc_row][vc_row desctop_mt=&#8221;margin-lg-40t&#8221; tablets_mt=&#8221;margin-sm-70t&#8221;][vc_column tablets_mt=&#8221;margin-sm-20t&#8221; offset=&#8221;vc_col-lg-offset-1 vc_col-lg-7<\/p>\n","protected":false},"author":1,"featured_media":0,"parent":0,"menu_order":0,"comment_status":"closed","ping_status":"closed","template":"","meta":{"footnotes":""},"class_list":["post-105","page","type-page","status-publish","hentry"],"featured_image_src":"","featured_image_src_square":"","_links":{"self":[{"href":"https:\/\/b-tulla.de\/index.php?rest_route=\/wp\/v2\/pages\/105","targetHints":{"allow":["GET"]}}],"collection":[{"href":"https:\/\/b-tulla.de\/index.php?rest_route=\/wp\/v2\/pages"}],"about":[{"href":"https:\/\/b-tulla.de\/index.php?rest_route=\/wp\/v2\/types\/page"}],"author":[{"embeddable":true,"href":"https:\/\/b-tulla.de\/index.php?rest_route=\/wp\/v2\/users\/1"}],"replies":[{"embeddable":true,"href":"https:\/\/b-tulla.de\/index.php?rest_route=%2Fwp%2Fv2%2Fcomments&post=105"}],"version-history":[{"count":25,"href":"https:\/\/b-tulla.de\/index.php?rest_route=\/wp\/v2\/pages\/105\/revisions"}],"predecessor-version":[{"id":5424,"href":"https:\/\/b-tulla.de\/index.php?rest_route=\/wp\/v2\/pages\/105\/revisions\/5424"}],"wp:attachment":[{"href":"https:\/\/b-tulla.de\/index.php?rest_route=%2Fwp%2Fv2%2Fmedia&parent=105"}],"curies":[{"name":"wp","href":"https:\/\/api.w.org\/{rel}","templated":true}]}}